{"id":1046,"date":"2017-11-23T10:15:00","date_gmt":"2017-11-23T10:15:00","guid":{"rendered":"https:\/\/kuenstler-biografien.de\/index\/?page_id=1046"},"modified":"2023-05-25T09:04:29","modified_gmt":"2023-05-25T09:04:29","slug":"30-duerer","status":"publish","type":"page","link":"https:\/\/kuenstler-biografien.de\/index\/30-duerer","title":{"rendered":"30. D\u00fcrer"},"content":{"rendered":"<figure id=\"attachment_1047\" aria-describedby=\"caption-attachment-1047\" style=\"width: 224px\" class=\"wp-caption aligncenter\"><img loading=\"lazy\" decoding=\"async\" class=\"wp-image-1047\" src=\"https:\/\/kuenstler-biografien.de\/wp-content\/uploads\/2017\/11\/duerer-221x300.gif\" alt=\"duerer\" width=\"224\" height=\"305\" \/><figcaption id=\"caption-attachment-1047\" class=\"wp-caption-text\"><span style=\"color: #808080;\">D\u00fcrer<br \/>Tod und Teufel<\/span><\/figcaption><\/figure>\n<p style=\"text-align: justify;\"><span style=\"color: #808080;\">Albrecht D\u00fcrer, 1471 in N\u00fcrnberg geboren, hielt auf seinen Bildern vieles von dem fest, was in den K\u00f6pfen der Menschen tobte beim \u00dcbergang von Mittelalter in die Renaissance. Seine \u00fcber die Landesgrenzen hinaus verbreiteten Drucke begeisterten alle Bev\u00f6lkerungsschichten. Schon damals galt: &#8222;Ein Bild sagt mehr als tausend Worte&#8220;.<\/span><\/p>\n<p style=\"text-align: justify;\"><span class=\"activnavi\" style=\"color: #808080;\"><a style=\"color: #808080;\" href=\"https:\/\/kuenstler-biografien.de\/kleinformate\">Kleinformat (10,5&#215;14,3 cm, Heft) 32 S. ,farbig, 3,00 \u20ac<\/a><\/span><br \/>\n<span class=\"style=&quot;color:\" style=\"color: #808080;\"><a style=\"color: #808080;\" href=\"https:\/\/kuenstler-biografien.de\/grossformate\">Gro\u00dfformat Hardcover (17&#215;24 cm) 36 S. ,farbig, 10,00 \u20ac<\/a><\/span><\/p>\n<p style=\"text-align: justify;\"><span style=\"color: #808080;\">Beispielseiten:<\/span><\/p>\n<figure id=\"attachment_1048\" aria-describedby=\"caption-attachment-1048\" style=\"width: 740px\" class=\"wp-caption alignnone\"><img loading=\"lazy\" decoding=\"async\" class=\"wp-image-1048\" src=\"https:\/\/kuenstler-biografien.de\/wp-content\/uploads\/2017\/11\/duerer_6_7.gif\" alt=\"duerer_6_7\" width=\"740\" height=\"503\" \/><figcaption id=\"caption-attachment-1048\" class=\"wp-caption-text\"><span style=\"color: #808080;\">D\u00fcrer, Seiten 6 -7<\/span><\/figcaption><\/figure>\n<figure id=\"attachment_1049\" aria-describedby=\"caption-attachment-1049\" style=\"width: 740px\" class=\"wp-caption alignnone\"><img loading=\"lazy\" decoding=\"async\" class=\"wp-image-1049\" src=\"https:\/\/kuenstler-biografien.de\/wp-content\/uploads\/2017\/11\/duerer_18_19.gif\" alt=\"duerer_18_19\" width=\"740\" height=\"503\" \/><figcaption id=\"caption-attachment-1049\" class=\"wp-caption-text\"><span style=\"color: #808080;\">D\u00fcrer, Seiten 18 -19<\/span><\/figcaption><\/figure>\n","protected":false},"excerpt":{"rendered":"<p>Albrecht D\u00fcrer, 1471 in N\u00fcrnberg geboren, hielt auf seinen Bildern vieles von dem fest, was in den K\u00f6pfen der Menschen tobte beim \u00dcbergang von Mittelalter in die Renaissance. Seine \u00fcber die Landesgrenzen hinaus verbreiteten Drucke begeisterten alle Bev\u00f6lkerungsschichten. Schon damals galt: &#8222;Ein Bild sagt mehr als tausend Worte&#8220;. Kleinformat (10,5&#215;14,3 cm, Heft) 32 S. ,farbig, [&hellip;]<\/p>\n","protected":false},"author":1,"featured_media":0,"parent":0,"menu_order":0,"comment_status":"closed","ping_status":"closed","template":"","meta":{"footnotes":""},"class_list":["post-1046","page","type-page","status-publish","hentry"],"aioseo_notices":[],"_links":{"self":[{"href":"https:\/\/kuenstler-biografien.de\/index\/wp-json\/wp\/v2\/pages\/1046","targetHints":{"allow":["GET"]}}],"collection":[{"href":"https:\/\/kuenstler-biografien.de\/index\/wp-json\/wp\/v2\/pages"}],"about":[{"href":"https:\/\/kuenstler-biografien.de\/index\/wp-json\/wp\/v2\/types\/page"}],"author":[{"embeddable":true,"href":"https:\/\/kuenstler-biografien.de\/index\/wp-json\/wp\/v2\/users\/1"}],"replies":[{"embeddable":true,"href":"https:\/\/kuenstler-biografien.de\/index\/wp-json\/wp\/v2\/comments?post=1046"}],"version-history":[{"count":9,"href":"https:\/\/kuenstler-biografien.de\/index\/wp-json\/wp\/v2\/pages\/1046\/revisions"}],"predecessor-version":[{"id":1812,"href":"https:\/\/kuenstler-biografien.de\/index\/wp-json\/wp\/v2\/pages\/1046\/revisions\/1812"}],"wp:attachment":[{"href":"https:\/\/kuenstler-biografien.de\/index\/wp-json\/wp\/v2\/media?parent=1046"}],"curies":[{"name":"wp","href":"https:\/\/api.w.org\/{rel}","templated":true}]}}