{"id":111,"date":"2016-01-26T09:46:53","date_gmt":"2016-01-26T09:46:53","guid":{"rendered":"http:\/\/edition-willi-bloess.kuenstler-biografien.de\/?page_id=111"},"modified":"2023-05-25T09:00:56","modified_gmt":"2023-05-25T09:00:56","slug":"rubens","status":"publish","type":"page","link":"https:\/\/kuenstler-biografien.de\/index\/rubens","title":{"rendered":"24. Rubens"},"content":{"rendered":"<figure id=\"attachment_898\" aria-describedby=\"caption-attachment-898\" style=\"width: 213px\" class=\"wp-caption aligncenter\"><img loading=\"lazy\" decoding=\"async\" class=\"wp-image-898\" src=\"https:\/\/kuenstler-biografien.de\/wp-content\/uploads\/2016\/01\/rubens.png\" alt=\"Rubens\" width=\"213\" height=\"289\" srcset=\"https:\/\/kuenstler-biografien.de\/wp-content\/uploads\/2016\/01\/rubens.png 298w, https:\/\/kuenstler-biografien.de\/wp-content\/uploads\/2016\/01\/rubens-221x300.png 221w\" sizes=\"auto, (max-width: 213px) 100vw, 213px\" \/><figcaption id=\"caption-attachment-898\" class=\"wp-caption-text\"><span style=\"color: #808080;\">Rubens<\/span><\/figcaption><\/figure>\n<p style=\"text-align: justify;\"><span style=\"color: #808080;\">Peter Paul Rubens (1577-1640), Maler im Zeitalter des Barock, in einem von Kriegen zerrissenen Europa, <\/span><span style=\"color: #808080;\">ber\u00fchmt f\u00fcr volumin\u00f6se Frauen- akte und furchteinfl\u00f6\u00dfende Jagd- und Kriegsszenen.<\/span><\/p>\n<p><span class=\"activnavi\" style=\"color: #ffcc00;\"><a style=\"color: #ffcc00;\" href=\"https:\/\/kuenstler-biografien.de\/kleinformate\"><span style=\"color: #808080;\">Kleinformat (10,5&#215;14,8 cm, Heft) 32 S.,farbig, 3,00 \u20ac<\/span><\/a><\/span><br \/>\n<span class=\"activnavi\" style=\"color: #808080;\"> <a style=\"color: #808080;\" href=\"https:\/\/kuenstler-biografien.de\/grossformate\">Gro\u00dfformat Hardcover (17&#215;24 cm) 36 S. , farbig, 10,00 \u20ac<\/a><\/span><\/p>\n<p><span style=\"color: #808080;\">Beispielseiten<\/span><\/p>\n<figure id=\"attachment_899\" aria-describedby=\"caption-attachment-899\" style=\"width: 760px\" class=\"wp-caption alignnone\"><img loading=\"lazy\" decoding=\"async\" class=\"wp-image-899 size-full\" src=\"https:\/\/kuenstler-biografien.de\/wp-content\/uploads\/2016\/01\/rubens_4_5.png\" alt=\"rubens_4_5\" width=\"760\" height=\"518\" srcset=\"https:\/\/kuenstler-biografien.de\/wp-content\/uploads\/2016\/01\/rubens_4_5.png 760w, https:\/\/kuenstler-biografien.de\/wp-content\/uploads\/2016\/01\/rubens_4_5-300x204.png 300w\" sizes=\"auto, (max-width: 760px) 100vw, 760px\" \/><figcaption id=\"caption-attachment-899\" class=\"wp-caption-text\"><span style=\"color: #808080;\">Rubens, Seiten 4 &#8211; 5<\/span><\/figcaption><\/figure>\n<figure id=\"attachment_900\" aria-describedby=\"caption-attachment-900\" style=\"width: 760px\" class=\"wp-caption alignnone\"><img loading=\"lazy\" decoding=\"async\" class=\"wp-image-900 size-full\" src=\"https:\/\/kuenstler-biografien.de\/wp-content\/uploads\/2016\/01\/rubens_12_13.png\" alt=\"rubens_12_13\" width=\"760\" height=\"518\" srcset=\"https:\/\/kuenstler-biografien.de\/wp-content\/uploads\/2016\/01\/rubens_12_13.png 760w, https:\/\/kuenstler-biografien.de\/wp-content\/uploads\/2016\/01\/rubens_12_13-300x204.png 300w\" sizes=\"auto, (max-width: 760px) 100vw, 760px\" \/><figcaption id=\"caption-attachment-900\" class=\"wp-caption-text\"><span style=\"color: #808080;\">Rubens, Seiten 12 &#8211; 13<\/span><\/figcaption><\/figure>\n","protected":false},"excerpt":{"rendered":"<p>Peter Paul Rubens (1577-1640), Maler im Zeitalter des Barock, in einem von Kriegen zerrissenen Europa, ber\u00fchmt f\u00fcr volumin\u00f6se Frauen- akte und furchteinfl\u00f6\u00dfende Jagd- und Kriegsszenen. Kleinformat (10,5&#215;14,8 cm, Heft) 32 S.,farbig, 3,00 \u20ac Gro\u00dfformat Hardcover (17&#215;24 cm) 36 S. , farbig, 10,00 \u20ac Beispielseiten<\/p>\n","protected":false},"author":1,"featured_media":0,"parent":0,"menu_order":0,"comment_status":"closed","ping_status":"closed","template":"","meta":{"footnotes":""},"class_list":["post-111","page","type-page","status-publish","hentry"],"aioseo_notices":[],"_links":{"self":[{"href":"https:\/\/kuenstler-biografien.de\/index\/wp-json\/wp\/v2\/pages\/111","targetHints":{"allow":["GET"]}}],"collection":[{"href":"https:\/\/kuenstler-biografien.de\/index\/wp-json\/wp\/v2\/pages"}],"about":[{"href":"https:\/\/kuenstler-biografien.de\/index\/wp-json\/wp\/v2\/types\/page"}],"author":[{"embeddable":true,"href":"https:\/\/kuenstler-biografien.de\/index\/wp-json\/wp\/v2\/users\/1"}],"replies":[{"embeddable":true,"href":"https:\/\/kuenstler-biografien.de\/index\/wp-json\/wp\/v2\/comments?post=111"}],"version-history":[{"count":14,"href":"https:\/\/kuenstler-biografien.de\/index\/wp-json\/wp\/v2\/pages\/111\/revisions"}],"predecessor-version":[{"id":1805,"href":"https:\/\/kuenstler-biografien.de\/index\/wp-json\/wp\/v2\/pages\/111\/revisions\/1805"}],"wp:attachment":[{"href":"https:\/\/kuenstler-biografien.de\/index\/wp-json\/wp\/v2\/media?parent=111"}],"curies":[{"name":"wp","href":"https:\/\/api.w.org\/{rel}","templated":true}]}}