{"id":120,"date":"2016-01-26T09:49:43","date_gmt":"2016-01-26T09:49:43","guid":{"rendered":"http:\/\/edition-willi-bloess.kuenstler-biografien.de\/?page_id=120"},"modified":"2023-05-25T08:56:07","modified_gmt":"2023-05-25T08:56:07","slug":"paula-modersohn-becker","status":"publish","type":"page","link":"https:\/\/kuenstler-biografien.de\/index\/paula-modersohn-becker","title":{"rendered":"18. Paula Modersohn-Becker"},"content":{"rendered":"<figure id=\"attachment_856\" aria-describedby=\"caption-attachment-856\" style=\"width: 213px\" class=\"wp-caption aligncenter\"><img loading=\"lazy\" decoding=\"async\" class=\"wp-image-856 size-full\" src=\"https:\/\/kuenstler-biografien.de\/wp-content\/uploads\/2016\/01\/modersohn.png\" alt=\"modersohn\" width=\"213\" height=\"287\" \/><figcaption id=\"caption-attachment-856\" class=\"wp-caption-text\"><span style=\"color: #808080;\">Paula Modersohn-Becker<br \/>und von Worpswede \/<br \/>sei die Rede<\/span><\/figcaption><\/figure>\n<p style=\"text-align: justify;\"><span style=\"color: #808080;\">Paula Modersohn-Becker (1876-1907). Im Umfeld der K\u00fcnstlerkolonie Worpswede schuf die deutsche<\/span><br \/>\n<span style=\"color: #808080;\"> Malerin Werke,die weit \u00fcber l\u00e4ndliche Genres hinausgehen. Ihre Bilder r\u00fccken sie in die N\u00e4he von <\/span><span style=\"color: #808080;\">C\u00e9zanne, Gauguin, van Gogh und Picasso.<\/span><\/p>\n<p><span class=\"activnavi\" style=\"color: #ffcc00;\"><a style=\"color: #ffcc00;\" href=\"https:\/\/kuenstler-biografien.de\/kleinformate\"><span style=\"color: #808080;\">Kleinformat (10,5&#215;14,3 cm, Heft) 32 S. , farbig, 3,00 \u20ac<\/span><\/a><br \/>\n<span style=\"color: #808080;\"><a style=\"color: #808080;\" href=\"https:\/\/kuenstler-biografien.de\/grossformate\">Gro\u00dfformat Hardcover (17&#215;24 cm) 36 S. , farbig, 10,00 \u20ac<\/a><\/span><\/span><\/p>\n<p><span style=\"color: #808080;\">Beispielseiten<\/span><\/p>\n<figure id=\"attachment_857\" aria-describedby=\"caption-attachment-857\" style=\"width: 758px\" class=\"wp-caption aligncenter\"><img loading=\"lazy\" decoding=\"async\" class=\"wp-image-857 size-full\" src=\"https:\/\/kuenstler-biografien.de\/wp-content\/uploads\/2016\/01\/mod_6_7.jpg\" alt=\"mod_6_7\" width=\"758\" height=\"507\" srcset=\"https:\/\/kuenstler-biografien.de\/wp-content\/uploads\/2016\/01\/mod_6_7.jpg 758w, https:\/\/kuenstler-biografien.de\/wp-content\/uploads\/2016\/01\/mod_6_7-300x201.jpg 300w\" sizes=\"auto, (max-width: 758px) 100vw, 758px\" \/><figcaption id=\"caption-attachment-857\" class=\"wp-caption-text\"><span style=\"color: #808080;\">Paula Modersohn-Becker, Seiten 6 &#8211; 7<\/span><\/figcaption><\/figure>\n<figure id=\"attachment_858\" aria-describedby=\"caption-attachment-858\" style=\"width: 760px\" class=\"wp-caption aligncenter\"><img loading=\"lazy\" decoding=\"async\" class=\"wp-image-858 size-full\" src=\"https:\/\/kuenstler-biografien.de\/wp-content\/uploads\/2016\/01\/mod_20_21.png\" alt=\"mod_20_21\" width=\"760\" height=\"503\" srcset=\"https:\/\/kuenstler-biografien.de\/wp-content\/uploads\/2016\/01\/mod_20_21.png 760w, https:\/\/kuenstler-biografien.de\/wp-content\/uploads\/2016\/01\/mod_20_21-300x199.png 300w\" sizes=\"auto, (max-width: 760px) 100vw, 760px\" \/><figcaption id=\"caption-attachment-858\" class=\"wp-caption-text\"><span style=\"color: #808080;\">Paula Modersohn-Becker, Seiten 20 &#8211; 21<\/span><\/figcaption><\/figure>\n","protected":false},"excerpt":{"rendered":"<p>Paula Modersohn-Becker (1876-1907). Im Umfeld der K\u00fcnstlerkolonie Worpswede schuf die deutsche Malerin Werke,die weit \u00fcber l\u00e4ndliche Genres hinausgehen. Ihre Bilder r\u00fccken sie in die N\u00e4he von C\u00e9zanne, Gauguin, van Gogh und Picasso. Kleinformat (10,5&#215;14,3 cm, Heft) 32 S. , farbig, 3,00 \u20ac Gro\u00dfformat Hardcover (17&#215;24 cm) 36 S. , farbig, 10,00 \u20ac Beispielseiten<\/p>\n","protected":false},"author":1,"featured_media":0,"parent":0,"menu_order":0,"comment_status":"closed","ping_status":"closed","template":"","meta":{"footnotes":""},"class_list":["post-120","page","type-page","status-publish","hentry"],"aioseo_notices":[],"_links":{"self":[{"href":"https:\/\/kuenstler-biografien.de\/index\/wp-json\/wp\/v2\/pages\/120","targetHints":{"allow":["GET"]}}],"collection":[{"href":"https:\/\/kuenstler-biografien.de\/index\/wp-json\/wp\/v2\/pages"}],"about":[{"href":"https:\/\/kuenstler-biografien.de\/index\/wp-json\/wp\/v2\/types\/page"}],"author":[{"embeddable":true,"href":"https:\/\/kuenstler-biografien.de\/index\/wp-json\/wp\/v2\/users\/1"}],"replies":[{"embeddable":true,"href":"https:\/\/kuenstler-biografien.de\/index\/wp-json\/wp\/v2\/comments?post=120"}],"version-history":[{"count":16,"href":"https:\/\/kuenstler-biografien.de\/index\/wp-json\/wp\/v2\/pages\/120\/revisions"}],"predecessor-version":[{"id":1798,"href":"https:\/\/kuenstler-biografien.de\/index\/wp-json\/wp\/v2\/pages\/120\/revisions\/1798"}],"wp:attachment":[{"href":"https:\/\/kuenstler-biografien.de\/index\/wp-json\/wp\/v2\/media?parent=120"}],"curies":[{"name":"wp","href":"https:\/\/api.w.org\/{rel}","templated":true}]}}