{"id":130,"date":"2016-01-26T09:56:32","date_gmt":"2016-01-26T09:56:32","guid":{"rendered":"http:\/\/edition-willi-bloess.kuenstler-biografien.de\/?page_id=130"},"modified":"2024-03-22T17:16:53","modified_gmt":"2024-03-22T17:16:53","slug":"joseph-beuys","status":"publish","type":"page","link":"https:\/\/kuenstler-biografien.de\/index\/joseph-beuys","title":{"rendered":"3. Joseph Beuys"},"content":{"rendered":"<figure id=\"attachment_917\" aria-describedby=\"caption-attachment-917\" style=\"width: 213px\" class=\"wp-caption aligncenter\"><img loading=\"lazy\" decoding=\"async\" class=\"wp-image-917\" src=\"https:\/\/kuenstler-biografien.de\/wp-content\/uploads\/2016\/01\/beuys.png\" alt=\"Joseph Beuys\" width=\"213\" height=\"290\" srcset=\"https:\/\/kuenstler-biografien.de\/wp-content\/uploads\/2016\/01\/beuys.png 300w, https:\/\/kuenstler-biografien.de\/wp-content\/uploads\/2016\/01\/beuys-221x300.png 221w\" sizes=\"auto, (max-width: 213px) 100vw, 213px\" \/><figcaption id=\"caption-attachment-917\" class=\"wp-caption-text\"><span style=\"color: #808080;\">Joseph Beuys<br \/>Der l\u00e4chelnde Schamane<\/span><\/figcaption><\/figure>\n<p><span style=\"color: #808080;\">Joseph Beuys: K\u00fcnstler, Lehrer, Fluxist, Provokateur, Vision\u00e4r&#8230; Der mystische, Urkr\u00e4fte beschw\u00f6rende <\/span><span style=\"color: #808080;\">Beuys bildet den Gegenpol zur Oberfl\u00e4chenkunst Warhols. Durch das Aufkommen der Konzeptkunst war <\/span><span style=\"color: #808080;\">es mit dem blo\u00dfen Betrachten von Kunstwerken vorbei. Textlastige, schwer verdauliche Erkl\u00e4rungs-modelle <\/span><span style=\"color: #808080;\">mussten mitgeliefert werden, zu denen der vorliegende Comic-Band eine \u00fcbersichtliche und kurzweilige <\/span><span style=\"color: #808080;\">Alternative bietet.<\/span><\/p>\n<p><span class=\"activnavi\" style=\"color: #808080;\"><a style=\"color: #808080;\" href=\"https:\/\/kuenstler-biografien.de\/kleinformate\">Kleinformat (10,5&#215;14,8 cm, Heft) 32 S. , farbig, 3,00 \u20ac<\/a><\/span><\/p>\n<p><span class=\"activnavi\"><a href=\"https:\/\/kuenstler-biografien.de\/grossformate\"><span style=\"color: #808080;\">Gro\u00dfformat Hardcover (17\u00d724 cm) 36 S. , farbig, 10,00 \u20ac<\/span><\/a><\/span><\/p>\n<p><span style=\"color: #808080;\">Beispielseiten<\/span><\/p>\n<figure id=\"attachment_919\" aria-describedby=\"caption-attachment-919\" style=\"width: 760px\" class=\"wp-caption alignnone\"><img loading=\"lazy\" decoding=\"async\" class=\"wp-image-919 size-full\" src=\"https:\/\/kuenstler-biografien.de\/wp-content\/uploads\/2016\/01\/beu_2_3.png\" alt=\"beuy_2_3\" width=\"760\" height=\"503\" srcset=\"https:\/\/kuenstler-biografien.de\/wp-content\/uploads\/2016\/01\/beu_2_3.png 760w, https:\/\/kuenstler-biografien.de\/wp-content\/uploads\/2016\/01\/beu_2_3-300x199.png 300w\" sizes=\"auto, (max-width: 760px) 100vw, 760px\" \/><figcaption id=\"caption-attachment-919\" class=\"wp-caption-text\"><span style=\"color: #808080;\">Joseph Beuys, Seiten 2 &#8211; 3<\/span><\/figcaption><\/figure>\n<figure id=\"attachment_920\" aria-describedby=\"caption-attachment-920\" style=\"width: 760px\" class=\"wp-caption alignnone\"><img loading=\"lazy\" decoding=\"async\" class=\"wp-image-920 size-full\" src=\"https:\/\/kuenstler-biografien.de\/wp-content\/uploads\/2016\/01\/beu_22_23.png\" alt=\"beu_22_23\" width=\"760\" height=\"503\" srcset=\"https:\/\/kuenstler-biografien.de\/wp-content\/uploads\/2016\/01\/beu_22_23.png 760w, https:\/\/kuenstler-biografien.de\/wp-content\/uploads\/2016\/01\/beu_22_23-300x199.png 300w\" sizes=\"auto, (max-width: 760px) 100vw, 760px\" \/><figcaption id=\"caption-attachment-920\" class=\"wp-caption-text\"><span style=\"color: #808080;\">Joseph Beuys, Seiten 22 &#8211; 23<\/span><\/figcaption><\/figure>\n","protected":false},"excerpt":{"rendered":"<p>Joseph Beuys: K\u00fcnstler, Lehrer, Fluxist, Provokateur, Vision\u00e4r&#8230; Der mystische, Urkr\u00e4fte beschw\u00f6rende Beuys bildet den Gegenpol zur Oberfl\u00e4chenkunst Warhols. Durch das Aufkommen der Konzeptkunst war es mit dem blo\u00dfen Betrachten von Kunstwerken vorbei. Textlastige, schwer verdauliche Erkl\u00e4rungs-modelle mussten mitgeliefert werden, zu denen der vorliegende Comic-Band eine \u00fcbersichtliche und kurzweilige Alternative bietet. Kleinformat (10,5&#215;14,8 cm, Heft) 32 [&hellip;]<\/p>\n","protected":false},"author":1,"featured_media":0,"parent":0,"menu_order":0,"comment_status":"closed","ping_status":"closed","template":"","meta":{"footnotes":""},"class_list":["post-130","page","type-page","status-publish","hentry"],"aioseo_notices":[],"_links":{"self":[{"href":"https:\/\/kuenstler-biografien.de\/index\/wp-json\/wp\/v2\/pages\/130","targetHints":{"allow":["GET"]}}],"collection":[{"href":"https:\/\/kuenstler-biografien.de\/index\/wp-json\/wp\/v2\/pages"}],"about":[{"href":"https:\/\/kuenstler-biografien.de\/index\/wp-json\/wp\/v2\/types\/page"}],"author":[{"embeddable":true,"href":"https:\/\/kuenstler-biografien.de\/index\/wp-json\/wp\/v2\/users\/1"}],"replies":[{"embeddable":true,"href":"https:\/\/kuenstler-biografien.de\/index\/wp-json\/wp\/v2\/comments?post=130"}],"version-history":[{"count":13,"href":"https:\/\/kuenstler-biografien.de\/index\/wp-json\/wp\/v2\/pages\/130\/revisions"}],"predecessor-version":[{"id":1963,"href":"https:\/\/kuenstler-biografien.de\/index\/wp-json\/wp\/v2\/pages\/130\/revisions\/1963"}],"wp:attachment":[{"href":"https:\/\/kuenstler-biografien.de\/index\/wp-json\/wp\/v2\/media?parent=130"}],"curies":[{"name":"wp","href":"https:\/\/api.w.org\/{rel}","templated":true}]}}