{"id":139,"date":"2016-01-26T10:00:51","date_gmt":"2016-01-26T10:00:51","guid":{"rendered":"http:\/\/edition-willi-bloess.kuenstler-biografien.de\/?page_id=139"},"modified":"2025-09-05T09:37:25","modified_gmt":"2025-09-05T09:37:25","slug":"niki-de-saint-phalle","status":"publish","type":"page","link":"https:\/\/kuenstler-biografien.de\/index\/niki-de-saint-phalle","title":{"rendered":"7. Niki de Saint Phalle"},"content":{"rendered":"<figure id=\"attachment_934\" aria-describedby=\"caption-attachment-934\" style=\"width: 213px\" class=\"wp-caption aligncenter\"><img loading=\"lazy\" decoding=\"async\" class=\"wp-image-934\" src=\"https:\/\/kuenstler-biografien.de\/wp-content\/uploads\/2016\/01\/niki.png\" alt=\"Niki de Saint Phalle\" width=\"213\" height=\"285\" srcset=\"https:\/\/kuenstler-biografien.de\/wp-content\/uploads\/2016\/01\/niki.png 229w, https:\/\/kuenstler-biografien.de\/wp-content\/uploads\/2016\/01\/niki-225x300.png 225w\" sizes=\"auto, (max-width: 213px) 100vw, 213px\" \/><figcaption id=\"caption-attachment-934\" class=\"wp-caption-text\"><span style=\"color: #808080;\">Niki de Saint Phalle<br \/>Nanas und Papas<\/span><\/figcaption><\/figure>\n<p style=\"text-align: justify;\"><span style=\"color: #808080;\">Ende der 50er Jahre tat Niki de Saint Phalle sich in Paris mit dem Objektk\u00fcnstler Jean Tinguely zusammen. <\/span><span style=\"color: #808080;\">Mit ihren Schie\u00df- und Sprengaktionen prangern sie Machtmissbrauch und M\u00e4nnlich-keitswahn an. Danach <\/span><span style=\"color: #808080;\">stellt Niki monumentale Frauenskulpturen, sogenannte \u201cNanas\u201d, her. Ihre von Gaudi inspirierte Formen<\/span><span style=\"color: #808080;\">vielfalt bringen die 22 begeh- und bewohnbaren Skulpturen des \u201cTarot-Gartens\u201d in der s\u00fcdlichen Toskana<\/span><br \/>\n<span style=\"color: #808080;\"> zum Ausdruck.<\/span><\/p>\n<p style=\"text-align: justify;\"><span class=\"activnavi\" style=\"color: #808080;\"><a style=\"color: #808080;\" href=\"https:\/\/kuenstler-biografien.de\/kleinformate\">Kleinformat (10,5&#215;14,8 cm, Heft) 32 S. , farbig, 3,00 \u20ac <\/a><\/span><br \/>\n<span style=\"color: #808080;\"> <a style=\"color: #808080;\" href=\"https:\/\/kuenstler-biografien.de\/grossformate\">Gro\u00dfformat Softcover (17&#215;24 cm, Heft) 36 S., farbig, 5,00 \u20ac<\/a><\/span><br \/>\n<a style=\"color: #808080;\" href=\"https:\/\/kuenstler-biografien.de\/grossformate\">Gro\u00dfformat Hardcover (17&#215;24 cm, Heft) 36 S., farbig, 10,00 \u20ac<\/a><\/p>\n<p style=\"text-align: justify;\"><span style=\"color: #808080;\">Beispielseiten<\/span><\/p>\n<figure id=\"attachment_935\" aria-describedby=\"caption-attachment-935\" style=\"width: 760px\" class=\"wp-caption alignnone\"><img loading=\"lazy\" decoding=\"async\" class=\"wp-image-935 size-full\" src=\"https:\/\/kuenstler-biografien.de\/wp-content\/uploads\/2016\/01\/niki_14_15.png\" alt=\"niki_14_15\" width=\"760\" height=\"509\" srcset=\"https:\/\/kuenstler-biografien.de\/wp-content\/uploads\/2016\/01\/niki_14_15.png 760w, https:\/\/kuenstler-biografien.de\/wp-content\/uploads\/2016\/01\/niki_14_15-300x201.png 300w\" sizes=\"auto, (max-width: 760px) 100vw, 760px\" \/><figcaption id=\"caption-attachment-935\" class=\"wp-caption-text\"><span style=\"color: #808080;\">Niki de Saint Phalle, Seiten 14 &#8211; 15<\/span><\/figcaption><\/figure>\n<figure id=\"attachment_936\" aria-describedby=\"caption-attachment-936\" style=\"width: 760px\" class=\"wp-caption alignnone\"><img loading=\"lazy\" decoding=\"async\" class=\"wp-image-936 size-full\" src=\"https:\/\/kuenstler-biografien.de\/wp-content\/uploads\/2016\/01\/niki_22_23.png\" alt=\"niki_22_23\" width=\"760\" height=\"509\" srcset=\"https:\/\/kuenstler-biografien.de\/wp-content\/uploads\/2016\/01\/niki_22_23.png 760w, https:\/\/kuenstler-biografien.de\/wp-content\/uploads\/2016\/01\/niki_22_23-300x201.png 300w\" sizes=\"auto, (max-width: 760px) 100vw, 760px\" \/><figcaption id=\"caption-attachment-936\" class=\"wp-caption-text\"><span style=\"color: #808080;\">Niki de Saint Phalle, Seiten 22 &#8211; 23<\/span><\/figcaption><\/figure>\n","protected":false},"excerpt":{"rendered":"<p>Ende der 50er Jahre tat Niki de Saint Phalle sich in Paris mit dem Objektk\u00fcnstler Jean Tinguely zusammen. Mit ihren Schie\u00df- und Sprengaktionen prangern sie Machtmissbrauch und M\u00e4nnlich-keitswahn an. Danach stellt Niki monumentale Frauenskulpturen, sogenannte \u201cNanas\u201d, her. Ihre von Gaudi inspirierte Formenvielfalt bringen die 22 begeh- und bewohnbaren Skulpturen des \u201cTarot-Gartens\u201d in der s\u00fcdlichen Toskana [&hellip;]<\/p>\n","protected":false},"author":1,"featured_media":0,"parent":0,"menu_order":0,"comment_status":"closed","ping_status":"closed","template":"","meta":{"footnotes":""},"class_list":["post-139","page","type-page","status-publish","hentry"],"aioseo_notices":[],"_links":{"self":[{"href":"https:\/\/kuenstler-biografien.de\/index\/wp-json\/wp\/v2\/pages\/139","targetHints":{"allow":["GET"]}}],"collection":[{"href":"https:\/\/kuenstler-biografien.de\/index\/wp-json\/wp\/v2\/pages"}],"about":[{"href":"https:\/\/kuenstler-biografien.de\/index\/wp-json\/wp\/v2\/types\/page"}],"author":[{"embeddable":true,"href":"https:\/\/kuenstler-biografien.de\/index\/wp-json\/wp\/v2\/users\/1"}],"replies":[{"embeddable":true,"href":"https:\/\/kuenstler-biografien.de\/index\/wp-json\/wp\/v2\/comments?post=139"}],"version-history":[{"count":14,"href":"https:\/\/kuenstler-biografien.de\/index\/wp-json\/wp\/v2\/pages\/139\/revisions"}],"predecessor-version":[{"id":2121,"href":"https:\/\/kuenstler-biografien.de\/index\/wp-json\/wp\/v2\/pages\/139\/revisions\/2121"}],"wp:attachment":[{"href":"https:\/\/kuenstler-biografien.de\/index\/wp-json\/wp\/v2\/media?parent=139"}],"curies":[{"name":"wp","href":"https:\/\/api.w.org\/{rel}","templated":true}]}}