{"id":1697,"date":"2022-11-03T15:19:51","date_gmt":"2022-11-03T15:19:51","guid":{"rendered":"https:\/\/kuenstler-biografien.de\/index\/?page_id=1697"},"modified":"2024-03-22T17:23:20","modified_gmt":"2024-03-22T17:23:20","slug":"40-yayoi-kusama","status":"publish","type":"page","link":"https:\/\/kuenstler-biografien.de\/index\/40-yayoi-kusama","title":{"rendered":"40. Yayoi Kusama"},"content":{"rendered":"\n<p><\/p>\n\n\n<div class=\"wp-block-image\">\n<figure class=\"aligncenter size-medium\"><img loading=\"lazy\" decoding=\"async\" width=\"213\" height=\"300\" src=\"https:\/\/kuenstler-biografien.de\/wp-content\/uploads\/2022\/11\/kusama-213x300.png\" alt=\"\" class=\"wp-image-1699\" srcset=\"https:\/\/kuenstler-biografien.de\/wp-content\/uploads\/2022\/11\/kusama-213x300.png 213w, https:\/\/kuenstler-biografien.de\/wp-content\/uploads\/2022\/11\/kusama-726x1024.png 726w, https:\/\/kuenstler-biografien.de\/wp-content\/uploads\/2022\/11\/kusama-768x1083.png 768w, https:\/\/kuenstler-biografien.de\/wp-content\/uploads\/2022\/11\/kusama-1090x1536.png 1090w, https:\/\/kuenstler-biografien.de\/wp-content\/uploads\/2022\/11\/kusama.png 1240w\" sizes=\"auto, (max-width: 213px) 100vw, 213px\" \/><figcaption class=\"wp-element-caption\"><em>Yayoi Kusama<br>Dotty<\/em><\/figcaption><\/figure>\n<\/div>\n\n\n<p class=\"has-text-color\" style=\"color:#5e5c5c\">Die japanische Malerin Yayoi Kusama, die am 22. M\u00e4rz 2024 ihren 95. Geburtstag feierte, ist bekannt f\u00fcr ihre Punktmuster (dots), mit denen sie Leinw\u00e4nde, Skulpturen, Menschen, Tiere oder Louis-Vuitton-Handtaschen verziert. Der Andrang in Museen mit von ihr gestalteten spacigen Spiegelr\u00e4umen ist oft so gro\u00df, dass der Aufenthalt auf 30 Sekunden pro Besucher beschr\u00e4nkt werden muss. In den 1960er-Jahren betrieb sie in New York body- painting-Studios, in denen man nackte Modelle bemalen durfte. Wegen des schlechten Benehmens japanischer Gesch\u00e4ftsleute verwehrte sie Ihren Landsleuten allerdings den Zutritt. In seiner 40. Comic-Biografie bietet Texter und Zeichner Willi Bl\u00f6ss einen rasanten \u00dcberflug zum Leben der K\u00fcnstlerin, die sich mit 48 Jahren in eine Psychiatrie einweisen lie\u00df und seitdem von dort aus die Welt an ihrer Therapie durch Kunstaktionen teilhaben l\u00e4sst.<\/p>\n\n\n\n<p class=\"has-text-color\" style=\"color:#5e5c5c\">Kleinformat (10,5\u00d714,8 cm,Heft) 32 S. , farbig, 3,00\u20ac<\/p>\n\n\n\n<p class=\"has-text-color\" style=\"color:#5e5d5d\"><a href=\"https:\/\/kuenstler-biografien.de\/grossformate\">Gro\u00dfformat Hardcover (17\u00d724 cm) 36 S. , farbig, 10,00 \u20ac<\/a><\/p>\n\n\n\n<p class=\"has-text-color\" style=\"color:#5e5c5c\">Beispielseiten<\/p>\n\n\n<div class=\"wp-block-image\">\n<figure class=\"alignleft size-large\"><img loading=\"lazy\" decoding=\"async\" width=\"1024\" height=\"722\" src=\"https:\/\/kuenstler-biografien.de\/wp-content\/uploads\/2022\/11\/kusama_12_13-1024x722.png\" alt=\"Beispielseiten Yayoi Kusama\nSeiten 12-13\" class=\"wp-image-1705\" srcset=\"https:\/\/kuenstler-biografien.de\/wp-content\/uploads\/2022\/11\/kusama_12_13-1024x722.png 1024w, https:\/\/kuenstler-biografien.de\/wp-content\/uploads\/2022\/11\/kusama_12_13-300x211.png 300w, https:\/\/kuenstler-biografien.de\/wp-content\/uploads\/2022\/11\/kusama_12_13-768x541.png 768w, https:\/\/kuenstler-biografien.de\/wp-content\/uploads\/2022\/11\/kusama_12_13.png 1240w\" sizes=\"auto, (max-width: 1024px) 100vw, 1024px\" \/><figcaption class=\"wp-element-caption\"><em>Yayoi Kusama, Seiten 12-13<\/em><\/figcaption><\/figure>\n<\/div>\n\n<div class=\"wp-block-image\">\n<figure class=\"alignleft size-large is-resized\"><img loading=\"lazy\" decoding=\"async\" width=\"1024\" height=\"722\" src=\"https:\/\/kuenstler-biografien.de\/wp-content\/uploads\/2022\/11\/kusama_20_21-1024x722.png\" alt=\"\" class=\"wp-image-1706\" style=\"width:840px;height:592px\" srcset=\"https:\/\/kuenstler-biografien.de\/wp-content\/uploads\/2022\/11\/kusama_20_21-1024x722.png 1024w, https:\/\/kuenstler-biografien.de\/wp-content\/uploads\/2022\/11\/kusama_20_21-300x211.png 300w, https:\/\/kuenstler-biografien.de\/wp-content\/uploads\/2022\/11\/kusama_20_21-768x541.png 768w, https:\/\/kuenstler-biografien.de\/wp-content\/uploads\/2022\/11\/kusama_20_21.png 1240w\" sizes=\"auto, (max-width: 1024px) 100vw, 1024px\" \/><figcaption class=\"wp-element-caption\"><em>Yayoi Kusama, Seiten 20-21<\/em><\/figcaption><\/figure>\n<\/div>","protected":false},"excerpt":{"rendered":"<p>Die japanische Malerin Yayoi Kusama, die am 22. M\u00e4rz 2024 ihren 95. Geburtstag feierte, ist bekannt f\u00fcr ihre Punktmuster (dots), mit denen sie Leinw\u00e4nde, Skulpturen, Menschen, Tiere oder Louis-Vuitton-Handtaschen verziert. Der Andrang in Museen mit von ihr gestalteten spacigen Spiegelr\u00e4umen ist oft so gro\u00df, dass der Aufenthalt auf 30 Sekunden pro Besucher beschr\u00e4nkt werden muss. [&hellip;]<\/p>\n","protected":false},"author":1,"featured_media":0,"parent":0,"menu_order":0,"comment_status":"closed","ping_status":"closed","template":"","meta":{"footnotes":""},"class_list":["post-1697","page","type-page","status-publish","hentry"],"aioseo_notices":[],"_links":{"self":[{"href":"https:\/\/kuenstler-biografien.de\/index\/wp-json\/wp\/v2\/pages\/1697","targetHints":{"allow":["GET"]}}],"collection":[{"href":"https:\/\/kuenstler-biografien.de\/index\/wp-json\/wp\/v2\/pages"}],"about":[{"href":"https:\/\/kuenstler-biografien.de\/index\/wp-json\/wp\/v2\/types\/page"}],"author":[{"embeddable":true,"href":"https:\/\/kuenstler-biografien.de\/index\/wp-json\/wp\/v2\/users\/1"}],"replies":[{"embeddable":true,"href":"https:\/\/kuenstler-biografien.de\/index\/wp-json\/wp\/v2\/comments?post=1697"}],"version-history":[{"count":12,"href":"https:\/\/kuenstler-biografien.de\/index\/wp-json\/wp\/v2\/pages\/1697\/revisions"}],"predecessor-version":[{"id":1970,"href":"https:\/\/kuenstler-biografien.de\/index\/wp-json\/wp\/v2\/pages\/1697\/revisions\/1970"}],"wp:attachment":[{"href":"https:\/\/kuenstler-biografien.de\/index\/wp-json\/wp\/v2\/media?parent=1697"}],"curies":[{"name":"wp","href":"https:\/\/api.w.org\/{rel}","templated":true}]}}