{"id":1862,"date":"2023-06-14T13:35:58","date_gmt":"2023-06-14T13:35:58","guid":{"rendered":"https:\/\/kuenstler-biografien.de\/index\/?page_id=1862"},"modified":"2023-06-14T13:35:59","modified_gmt":"2023-06-14T13:35:59","slug":"42-hans-holbein-der-juengere","status":"publish","type":"page","link":"https:\/\/kuenstler-biografien.de\/index\/42-hans-holbein-der-juengere","title":{"rendered":"42. Hans Holbein der J\u00fcngere"},"content":{"rendered":"<div class=\"wp-block-image\">\n<figure class=\"aligncenter size-medium\"><img loading=\"lazy\" decoding=\"async\" width=\"213\" height=\"300\" src=\"https:\/\/kuenstler-biografien.de\/wp-content\/uploads\/2023\/06\/holbein-213x300.jpg\" alt=\"Hans Holbein der J\u00fcngere\" class=\"wp-image-1857\" srcset=\"https:\/\/kuenstler-biografien.de\/wp-content\/uploads\/2023\/06\/holbein-213x300.jpg 213w, https:\/\/kuenstler-biografien.de\/wp-content\/uploads\/2023\/06\/holbein-727x1024.jpg 727w, https:\/\/kuenstler-biografien.de\/wp-content\/uploads\/2023\/06\/holbein-768x1082.jpg 768w, https:\/\/kuenstler-biografien.de\/wp-content\/uploads\/2023\/06\/holbein.jpg 992w\" sizes=\"auto, (max-width: 213px) 100vw, 213px\" \/><figcaption class=\"wp-element-caption\">Hans Holbein d. J.<br>Der mit dem Tod Tanzt<\/figcaption><\/figure>\n<\/div>\n\n\n<p>Comic-Biografie \u00fcber den Maler Hans Holbein der J\u00fcngere.<br>Lebte von 1497 bis 1543. Ein Zeitgenosse von Albrecht D\u00fcrer. Zwischen Basel und London pendelnd. Hofmaler des furchteinfl\u00f6\u00dfenden englischen K\u00f6nigs Heinrich VIII.<br><br>Kleinformat (10,5\u00d714,8 cm,Heft) 32 S. , farbig<\/p>\n\n\n\n<p>Beispielseiten<\/p>\n\n\n\n<figure class=\"wp-block-image size-large\"><img loading=\"lazy\" decoding=\"async\" width=\"1024\" height=\"722\" src=\"https:\/\/kuenstler-biografien.de\/wp-content\/uploads\/2023\/06\/holbein_12_13-1024x722.png\" alt=\"\" class=\"wp-image-1863\" srcset=\"https:\/\/kuenstler-biografien.de\/wp-content\/uploads\/2023\/06\/holbein_12_13-1024x722.png 1024w, https:\/\/kuenstler-biografien.de\/wp-content\/uploads\/2023\/06\/holbein_12_13-300x211.png 300w, https:\/\/kuenstler-biografien.de\/wp-content\/uploads\/2023\/06\/holbein_12_13-768x541.png 768w, https:\/\/kuenstler-biografien.de\/wp-content\/uploads\/2023\/06\/holbein_12_13-1536x1082.png 1536w, https:\/\/kuenstler-biografien.de\/wp-content\/uploads\/2023\/06\/holbein_12_13.png 1984w\" sizes=\"auto, (max-width: 1024px) 100vw, 1024px\" \/><figcaption class=\"wp-element-caption\">Hans Holbein d. J., Seiten 12_13<\/figcaption><\/figure>\n\n\n\n<figure class=\"wp-block-image size-large\"><img loading=\"lazy\" decoding=\"async\" width=\"1024\" height=\"722\" src=\"https:\/\/kuenstler-biografien.de\/wp-content\/uploads\/2023\/06\/holbein_18_19-1024x722.png\" alt=\"\" class=\"wp-image-1864\" srcset=\"https:\/\/kuenstler-biografien.de\/wp-content\/uploads\/2023\/06\/holbein_18_19-1024x722.png 1024w, https:\/\/kuenstler-biografien.de\/wp-content\/uploads\/2023\/06\/holbein_18_19-300x211.png 300w, https:\/\/kuenstler-biografien.de\/wp-content\/uploads\/2023\/06\/holbein_18_19-768x541.png 768w, https:\/\/kuenstler-biografien.de\/wp-content\/uploads\/2023\/06\/holbein_18_19-1536x1082.png 1536w, https:\/\/kuenstler-biografien.de\/wp-content\/uploads\/2023\/06\/holbein_18_19.png 1984w\" sizes=\"auto, (max-width: 1024px) 100vw, 1024px\" \/><figcaption class=\"wp-element-caption\">Hans Holbein d. J., Seiten 18-19<\/figcaption><\/figure>\n","protected":false},"excerpt":{"rendered":"<p>Comic-Biografie \u00fcber den Maler Hans Holbein der J\u00fcngere.Lebte von 1497 bis 1543. Ein Zeitgenosse von Albrecht D\u00fcrer. Zwischen Basel und London pendelnd. Hofmaler des furchteinfl\u00f6\u00dfenden englischen K\u00f6nigs Heinrich VIII. Kleinformat (10,5\u00d714,8 cm,Heft) 32 S. , farbig Beispielseiten<\/p>\n","protected":false},"author":1,"featured_media":0,"parent":0,"menu_order":0,"comment_status":"closed","ping_status":"closed","template":"","meta":{"footnotes":""},"class_list":["post-1862","page","type-page","status-publish","hentry"],"aioseo_notices":[],"_links":{"self":[{"href":"https:\/\/kuenstler-biografien.de\/index\/wp-json\/wp\/v2\/pages\/1862","targetHints":{"allow":["GET"]}}],"collection":[{"href":"https:\/\/kuenstler-biografien.de\/index\/wp-json\/wp\/v2\/pages"}],"about":[{"href":"https:\/\/kuenstler-biografien.de\/index\/wp-json\/wp\/v2\/types\/page"}],"author":[{"embeddable":true,"href":"https:\/\/kuenstler-biografien.de\/index\/wp-json\/wp\/v2\/users\/1"}],"replies":[{"embeddable":true,"href":"https:\/\/kuenstler-biografien.de\/index\/wp-json\/wp\/v2\/comments?post=1862"}],"version-history":[{"count":2,"href":"https:\/\/kuenstler-biografien.de\/index\/wp-json\/wp\/v2\/pages\/1862\/revisions"}],"predecessor-version":[{"id":1866,"href":"https:\/\/kuenstler-biografien.de\/index\/wp-json\/wp\/v2\/pages\/1862\/revisions\/1866"}],"wp:attachment":[{"href":"https:\/\/kuenstler-biografien.de\/index\/wp-json\/wp\/v2\/media?parent=1862"}],"curies":[{"name":"wp","href":"https:\/\/api.w.org\/{rel}","templated":true}]}}