{"id":1912,"date":"2023-11-19T16:23:27","date_gmt":"2023-11-19T16:23:27","guid":{"rendered":"https:\/\/kuenstler-biografien.de\/index\/?page_id=1912"},"modified":"2023-11-19T16:53:09","modified_gmt":"2023-11-19T16:53:09","slug":"43-frank-lloyd-wright","status":"publish","type":"page","link":"https:\/\/kuenstler-biografien.de\/index\/43-frank-lloyd-wright","title":{"rendered":"43. Frank Lloyd Wright"},"content":{"rendered":"<div class=\"wp-block-image\">\n<figure class=\"aligncenter size-medium\"><img loading=\"lazy\" decoding=\"async\" width=\"213\" height=\"300\" src=\"https:\/\/kuenstler-biografien.de\/wp-content\/uploads\/2023\/11\/flw-213x300.jpg\" alt=\"Frank Lloyd Wright\nDer Architekt \u00fcber dem Wasserfall\" class=\"wp-image-1913\" srcset=\"https:\/\/kuenstler-biografien.de\/wp-content\/uploads\/2023\/11\/flw-213x300.jpg 213w, https:\/\/kuenstler-biografien.de\/wp-content\/uploads\/2023\/11\/flw-726x1024.jpg 726w, https:\/\/kuenstler-biografien.de\/wp-content\/uploads\/2023\/11\/flw-768x1083.jpg 768w, https:\/\/kuenstler-biografien.de\/wp-content\/uploads\/2023\/11\/flw-1090x1536.jpg 1090w, https:\/\/kuenstler-biografien.de\/wp-content\/uploads\/2023\/11\/flw.jpg 1240w\" sizes=\"auto, (max-width: 213px) 100vw, 213px\" \/><figcaption class=\"wp-element-caption\">Frank Lloyd Wright<br>Der Architekt \u00fcber dem Wasserfall<\/figcaption><\/figure>\n<\/div>\n\n\n<p>Comic-Biografie \u00fcber die aufregende Lebens- und Werkgeschichte des gro\u00dfen amerikanischen Architekten Frank Lloyd Wright (1867-1959).<\/p>\n\n\n\n<p>1935, mit 67 Jahren, entwarf Frank Lloyd Wright sein Meisterwerk. Das Haus \u201eFallingwater\u201d \u00fcber einem Wasserfall im S\u00fcden Pennsylvanias z\u00e4hlt zu den ber\u00fchmtesten Geb\u00e4uden des 20. Jahrhunderts. Und eignet sich als Methapher f\u00fcr das Leben des Architekten.<\/p>\n\n\n\n<p>Kleinformat (10,5\u00d714,3 cm,Heft) 32 S. , farbig<\/p>\n\n\n\n<p>ISBN-Nr.: 978-3-938182-50-5<\/p>\n\n\n\n<p>Beipielseiten<\/p>\n\n\n<div class=\"wp-block-image\">\n<figure class=\"aligncenter size-full\"><img loading=\"lazy\" decoding=\"async\" width=\"760\" height=\"536\" src=\"https:\/\/kuenstler-biografien.de\/wp-content\/uploads\/2023\/11\/flw_2_3.jpg\" alt=\"\" class=\"wp-image-1917\" srcset=\"https:\/\/kuenstler-biografien.de\/wp-content\/uploads\/2023\/11\/flw_2_3.jpg 760w, https:\/\/kuenstler-biografien.de\/wp-content\/uploads\/2023\/11\/flw_2_3-300x212.jpg 300w\" sizes=\"auto, (max-width: 760px) 100vw, 760px\" \/><figcaption class=\"wp-element-caption\">Frank Lloyd Wright. Seiten 2-3<\/figcaption><\/figure>\n<\/div>\n\n<div class=\"wp-block-image\">\n<figure class=\"aligncenter size-full\"><img loading=\"lazy\" decoding=\"async\" width=\"760\" height=\"536\" src=\"https:\/\/kuenstler-biografien.de\/wp-content\/uploads\/2023\/11\/flw_22_23.jpg\" alt=\"\" class=\"wp-image-1918\" srcset=\"https:\/\/kuenstler-biografien.de\/wp-content\/uploads\/2023\/11\/flw_22_23.jpg 760w, https:\/\/kuenstler-biografien.de\/wp-content\/uploads\/2023\/11\/flw_22_23-300x212.jpg 300w\" sizes=\"auto, (max-width: 760px) 100vw, 760px\" \/><figcaption class=\"wp-element-caption\">Frank Lloyd Wright. Seiten 22-23<\/figcaption><\/figure>\n<\/div>","protected":false},"excerpt":{"rendered":"<p>Comic-Biografie \u00fcber die aufregende Lebens- und Werkgeschichte des gro\u00dfen amerikanischen Architekten Frank Lloyd Wright (1867-1959). 1935, mit 67 Jahren, entwarf Frank Lloyd Wright sein Meisterwerk. Das Haus \u201eFallingwater\u201d \u00fcber einem Wasserfall im S\u00fcden Pennsylvanias z\u00e4hlt zu den ber\u00fchmtesten Geb\u00e4uden des 20. Jahrhunderts. Und eignet sich als Methapher f\u00fcr das Leben des Architekten. Kleinformat (10,5\u00d714,3 cm,Heft) [&hellip;]<\/p>\n","protected":false},"author":1,"featured_media":0,"parent":0,"menu_order":0,"comment_status":"closed","ping_status":"closed","template":"","meta":{"footnotes":""},"class_list":["post-1912","page","type-page","status-publish","hentry"],"aioseo_notices":[],"_links":{"self":[{"href":"https:\/\/kuenstler-biografien.de\/index\/wp-json\/wp\/v2\/pages\/1912","targetHints":{"allow":["GET"]}}],"collection":[{"href":"https:\/\/kuenstler-biografien.de\/index\/wp-json\/wp\/v2\/pages"}],"about":[{"href":"https:\/\/kuenstler-biografien.de\/index\/wp-json\/wp\/v2\/types\/page"}],"author":[{"embeddable":true,"href":"https:\/\/kuenstler-biografien.de\/index\/wp-json\/wp\/v2\/users\/1"}],"replies":[{"embeddable":true,"href":"https:\/\/kuenstler-biografien.de\/index\/wp-json\/wp\/v2\/comments?post=1912"}],"version-history":[{"count":8,"href":"https:\/\/kuenstler-biografien.de\/index\/wp-json\/wp\/v2\/pages\/1912\/revisions"}],"predecessor-version":[{"id":1931,"href":"https:\/\/kuenstler-biografien.de\/index\/wp-json\/wp\/v2\/pages\/1912\/revisions\/1931"}],"wp:attachment":[{"href":"https:\/\/kuenstler-biografien.de\/index\/wp-json\/wp\/v2\/media?parent=1912"}],"curies":[{"name":"wp","href":"https:\/\/api.w.org\/{rel}","templated":true}]}}