{"id":2041,"date":"2025-01-20T15:30:52","date_gmt":"2025-01-20T15:30:52","guid":{"rendered":"https:\/\/kuenstler-biografien.de\/index\/?page_id=2041"},"modified":"2025-01-20T15:30:52","modified_gmt":"2025-01-20T15:30:52","slug":"45-louise-bourgeois","status":"publish","type":"page","link":"https:\/\/kuenstler-biografien.de\/index\/45-louise-bourgeois","title":{"rendered":"45. Louise Bourgeois"},"content":{"rendered":"<div class=\"wp-block-image\">\n<figure class=\"aligncenter size-medium\"><img loading=\"lazy\" decoding=\"async\" width=\"213\" height=\"300\" src=\"https:\/\/kuenstler-biografien.de\/wp-content\/uploads\/2025\/01\/bourgeois-213x300.gif\" alt=\"Louise Bourgeois\nDie Spinnenfrau\" class=\"wp-image-2042\"\/><figcaption class=\"wp-element-caption\"><em>Louise Bourgeois<br>Die Spinnenfrau<\/em><\/figcaption><\/figure>\n<\/div>\n\n\n<p>Eine Comic-Biografie \u00fcber die in Frankreich geborene K\u00fcnstlerin Louise Bourgeois (1911-2010). Erst 1982, im Alter von 71 Jahren, w\u00fcrde sie durch eine Austellung im MoMA ber\u00fchmt.<\/p>\n\n\n\n<p>Kleinformat (10,5\u00d714,8 cm,Heft) 32 S. , farbig<\/p>\n\n\n\n<p>ISBN-Nr.: 978-3-938182-57-4<\/p>\n\n\n\n<p>Beispielseiten<\/p>\n\n\n\n<figure class=\"wp-block-image size-full\"><img loading=\"lazy\" decoding=\"async\" width=\"760\" height=\"536\" src=\"https:\/\/kuenstler-biografien.de\/wp-content\/uploads\/2025\/01\/bourgeois_2_3.gif\" alt=\"\" class=\"wp-image-2043\"\/><figcaption class=\"wp-element-caption\"><em>Louise Bourgeois, Seiten 2 -3<\/em><\/figcaption><\/figure>\n\n\n\n<figure class=\"wp-block-image size-full\"><img loading=\"lazy\" decoding=\"async\" width=\"760\" height=\"536\" src=\"https:\/\/kuenstler-biografien.de\/wp-content\/uploads\/2025\/01\/bourgeois_4_5.gif\" alt=\"\" class=\"wp-image-2044\"\/><figcaption class=\"wp-element-caption\"><em>Louise Bourgeois, Seiten 4 -5<\/em><\/figcaption><\/figure>\n\n\n\n<p><\/p>\n","protected":false},"excerpt":{"rendered":"<p>Eine Comic-Biografie \u00fcber die in Frankreich geborene K\u00fcnstlerin Louise Bourgeois (1911-2010). Erst 1982, im Alter von 71 Jahren, w\u00fcrde sie durch eine Austellung im MoMA ber\u00fchmt. Kleinformat (10,5\u00d714,8 cm,Heft) 32 S. , farbig ISBN-Nr.: 978-3-938182-57-4 Beispielseiten<\/p>\n","protected":false},"author":1,"featured_media":0,"parent":0,"menu_order":0,"comment_status":"closed","ping_status":"closed","template":"","meta":{"footnotes":""},"class_list":["post-2041","page","type-page","status-publish","hentry"],"aioseo_notices":[],"_links":{"self":[{"href":"https:\/\/kuenstler-biografien.de\/index\/wp-json\/wp\/v2\/pages\/2041","targetHints":{"allow":["GET"]}}],"collection":[{"href":"https:\/\/kuenstler-biografien.de\/index\/wp-json\/wp\/v2\/pages"}],"about":[{"href":"https:\/\/kuenstler-biografien.de\/index\/wp-json\/wp\/v2\/types\/page"}],"author":[{"embeddable":true,"href":"https:\/\/kuenstler-biografien.de\/index\/wp-json\/wp\/v2\/users\/1"}],"replies":[{"embeddable":true,"href":"https:\/\/kuenstler-biografien.de\/index\/wp-json\/wp\/v2\/comments?post=2041"}],"version-history":[{"count":4,"href":"https:\/\/kuenstler-biografien.de\/index\/wp-json\/wp\/v2\/pages\/2041\/revisions"}],"predecessor-version":[{"id":2048,"href":"https:\/\/kuenstler-biografien.de\/index\/wp-json\/wp\/v2\/pages\/2041\/revisions\/2048"}],"wp:attachment":[{"href":"https:\/\/kuenstler-biografien.de\/index\/wp-json\/wp\/v2\/media?parent=2041"}],"curies":[{"name":"wp","href":"https:\/\/api.w.org\/{rel}","templated":true}]}}