{"id":2151,"date":"2026-01-12T16:07:42","date_gmt":"2026-01-12T16:07:42","guid":{"rendered":"https:\/\/kuenstler-biografien.de\/index\/?page_id=2151"},"modified":"2026-01-12T16:07:43","modified_gmt":"2026-01-12T16:07:43","slug":"47-sempe","status":"publish","type":"page","link":"https:\/\/kuenstler-biografien.de\/index\/47-sempe","title":{"rendered":"47. Semp\u00e9"},"content":{"rendered":"<div class=\"wp-block-image\">\n<figure class=\"aligncenter size-medium\"><img loading=\"lazy\" decoding=\"async\" width=\"213\" height=\"300\" src=\"https:\/\/kuenstler-biografien.de\/wp-content\/uploads\/2025\/12\/sempe-213x300.jpg\" alt=\"\" class=\"wp-image-2152\" srcset=\"https:\/\/kuenstler-biografien.de\/wp-content\/uploads\/2025\/12\/sempe-213x300.jpg 213w, https:\/\/kuenstler-biografien.de\/wp-content\/uploads\/2025\/12\/sempe.jpg 620w\" sizes=\"auto, (max-width: 213px) 100vw, 213px\" \/><figcaption class=\"wp-element-caption\">Semp\u00e9 <br>                          Wie sag&#8216; ich&#8217;s meinen Lesern?<\/figcaption><\/figure>\n<\/div>\n\n\n<p>Viele Publikationen des franz\u00f6sischen Zeichners Jean-Jacques Semp\u00e9 (1932-2022) wurden zu Bestsellern: &#8222;Der kleine Nick&#8220; (mit Asterix-Autor Ren\u00e9 Goscinny), &#8222;Monsieur Lambert&#8220; (\u00fcber das Leben in Pariser Bistrots), &#8222;Saint Tropez&#8220; (1968, \u00fcber die Superreichen, w\u00e4hrend in Paris Stra\u00dfenschlachten tobten). Besonders seine Cartoonb\u00fccher brachten ihm weit \u00fcber Frankreich hinaus den Ruf des &#8222;Poeten unter den Humoristen&#8220; ein. Mit \u00fcber 100 Titelbildern wurde er zu einem der beliebtesten Zeichner des f\u00fcr seine Cover-Illustrationen ber\u00fchmten US-amerikanischen Magazins &#8222;The New Yorker&#8220;.<\/p>\n\n\n\n<p>Kleinformat (10,5 x 14,8 cm, Heft) 32 S., farbig, 3,00 \u20ac<\/p>\n\n\n\n<p>ISBN-Nr.: 978-3-938182-60-4<\/p>\n\n\n\n<p>Beispielseiten<\/p>\n\n\n\n<figure class=\"wp-block-image size-large\"><img loading=\"lazy\" decoding=\"async\" width=\"1024\" height=\"722\" src=\"https:\/\/kuenstler-biografien.de\/wp-content\/uploads\/2025\/12\/sempe_8_9-1024x722.gif\" alt=\"\" class=\"wp-image-2153\" srcset=\"https:\/\/kuenstler-biografien.de\/wp-content\/uploads\/2025\/12\/sempe_8_9-1024x722.gif 1024w, https:\/\/kuenstler-biografien.de\/wp-content\/uploads\/2025\/12\/sempe_8_9-300x211.gif 300w, https:\/\/kuenstler-biografien.de\/wp-content\/uploads\/2025\/12\/sempe_8_9-768x541.gif 768w\" sizes=\"auto, (max-width: 1024px) 100vw, 1024px\" \/><figcaption class=\"wp-element-caption\">Semp\u00e9: Seiten 6 &#8211; 7<\/figcaption><\/figure>\n\n\n\n<figure class=\"wp-block-image size-large\"><img loading=\"lazy\" decoding=\"async\" width=\"1024\" height=\"722\" src=\"https:\/\/kuenstler-biografien.de\/wp-content\/uploads\/2025\/12\/sempe_10_11-1024x722.gif\" alt=\"\" class=\"wp-image-2154\" srcset=\"https:\/\/kuenstler-biografien.de\/wp-content\/uploads\/2025\/12\/sempe_10_11-1024x722.gif 1024w, https:\/\/kuenstler-biografien.de\/wp-content\/uploads\/2025\/12\/sempe_10_11-300x211.gif 300w, https:\/\/kuenstler-biografien.de\/wp-content\/uploads\/2025\/12\/sempe_10_11-768x541.gif 768w\" sizes=\"auto, (max-width: 1024px) 100vw, 1024px\" \/><figcaption class=\"wp-element-caption\">Semp\u00e9: Sieten 8 -9<\/figcaption><\/figure>\n\n\n\n<p><\/p>\n","protected":false},"excerpt":{"rendered":"<p>Viele Publikationen des franz\u00f6sischen Zeichners Jean-Jacques Semp\u00e9 (1932-2022) wurden zu Bestsellern: &#8222;Der kleine Nick&#8220; (mit Asterix-Autor Ren\u00e9 Goscinny), &#8222;Monsieur Lambert&#8220; (\u00fcber das Leben in Pariser Bistrots), &#8222;Saint Tropez&#8220; (1968, \u00fcber die Superreichen, w\u00e4hrend in Paris Stra\u00dfenschlachten tobten). Besonders seine Cartoonb\u00fccher brachten ihm weit \u00fcber Frankreich hinaus den Ruf des &#8222;Poeten unter den Humoristen&#8220; ein. Mit [&hellip;]<\/p>\n","protected":false},"author":1,"featured_media":0,"parent":0,"menu_order":0,"comment_status":"closed","ping_status":"closed","template":"","meta":{"footnotes":""},"class_list":["post-2151","page","type-page","status-publish","hentry"],"aioseo_notices":[],"_links":{"self":[{"href":"https:\/\/kuenstler-biografien.de\/index\/wp-json\/wp\/v2\/pages\/2151","targetHints":{"allow":["GET"]}}],"collection":[{"href":"https:\/\/kuenstler-biografien.de\/index\/wp-json\/wp\/v2\/pages"}],"about":[{"href":"https:\/\/kuenstler-biografien.de\/index\/wp-json\/wp\/v2\/types\/page"}],"author":[{"embeddable":true,"href":"https:\/\/kuenstler-biografien.de\/index\/wp-json\/wp\/v2\/users\/1"}],"replies":[{"embeddable":true,"href":"https:\/\/kuenstler-biografien.de\/index\/wp-json\/wp\/v2\/comments?post=2151"}],"version-history":[{"count":4,"href":"https:\/\/kuenstler-biografien.de\/index\/wp-json\/wp\/v2\/pages\/2151\/revisions"}],"predecessor-version":[{"id":2165,"href":"https:\/\/kuenstler-biografien.de\/index\/wp-json\/wp\/v2\/pages\/2151\/revisions\/2165"}],"wp:attachment":[{"href":"https:\/\/kuenstler-biografien.de\/index\/wp-json\/wp\/v2\/media?parent=2151"}],"curies":[{"name":"wp","href":"https:\/\/api.w.org\/{rel}","templated":true}]}}