{"id":2158,"date":"2026-01-12T16:08:31","date_gmt":"2026-01-12T16:08:31","guid":{"rendered":"https:\/\/kuenstler-biografien.de\/index\/?page_id=2158"},"modified":"2026-01-12T16:08:32","modified_gmt":"2026-01-12T16:08:32","slug":"48-claire-bretecher","status":"publish","type":"page","link":"https:\/\/kuenstler-biografien.de\/index\/48-claire-bretecher","title":{"rendered":"48. Claire Bret\u00e9cher"},"content":{"rendered":"<div class=\"wp-block-image\">\n<figure class=\"aligncenter size-medium\"><img loading=\"lazy\" decoding=\"async\" width=\"213\" height=\"300\" src=\"https:\/\/kuenstler-biografien.de\/wp-content\/uploads\/2025\/12\/bretecher-213x300.jpg\" alt=\"\" class=\"wp-image-2159\" srcset=\"https:\/\/kuenstler-biografien.de\/wp-content\/uploads\/2025\/12\/bretecher-213x300.jpg 213w, https:\/\/kuenstler-biografien.de\/wp-content\/uploads\/2025\/12\/bretecher.jpg 620w\" sizes=\"auto, (max-width: 213px) 100vw, 213px\" \/><figcaption class=\"wp-element-caption\">Claiere Bret\u00e9cher <br> und die Frustrierten<\/figcaption><\/figure>\n<\/div>\n\n\n<p>Die Franz\u00f6sin Claire Bret\u00e9cher (1940-2020) steht sowohl f\u00fcr Comic- als auch f\u00fcr Frauenpower. Mit ihrer Serie &#8222;Die Frustrierten&#8220; karikierte sie die Nach-68er, von denen sich viele gegen Ideale und f\u00fcr die Karriere entschieden hatten. Daf\u00fcr bezeichnete Roland Barthes Bret\u00e9cher 1976 als &#8222;Soziologin des Jahres&#8220;. Passend w\u00e4re auch &#8222;Gesch\u00e4ftsfrau des Jahres&#8220; gewesen, denn auch als Selbstverlegerin leistete sie Pionierarbeit in einer von M\u00e4nnern dominierten Branche und zu einer Zeit, die heute als &#8222;die Geburtsstunde der Erwachsenencomics&#8220; gilt.<\/p>\n\n\n\n<p>Kleinformat (10,5 x 14,8 cm, Heft) 32 S., farbig, 3,00 \u20ac<\/p>\n\n\n\n<p>ISBN-Nr.: 978-3-938182-61-1<\/p>\n\n\n\n<p>Beispielseiten<\/p>\n\n\n\n<figure class=\"wp-block-image size-large is-resized\"><img loading=\"lazy\" decoding=\"async\" width=\"1024\" height=\"722\" src=\"https:\/\/kuenstler-biografien.de\/wp-content\/uploads\/2025\/12\/bretecher_10_11-1024x722.gif\" alt=\"\" class=\"wp-image-2160\" style=\"width:760px\" srcset=\"https:\/\/kuenstler-biografien.de\/wp-content\/uploads\/2025\/12\/bretecher_10_11-1024x722.gif 1024w, https:\/\/kuenstler-biografien.de\/wp-content\/uploads\/2025\/12\/bretecher_10_11-300x211.gif 300w, https:\/\/kuenstler-biografien.de\/wp-content\/uploads\/2025\/12\/bretecher_10_11-768x541.gif 768w\" sizes=\"auto, (max-width: 1024px) 100vw, 1024px\" \/><figcaption class=\"wp-element-caption\">Claire Bret\u00e9cher: Seiten 10 -11<\/figcaption><\/figure>\n\n\n\n<figure class=\"wp-block-image size-large is-resized\"><img loading=\"lazy\" decoding=\"async\" width=\"1024\" height=\"722\" src=\"https:\/\/kuenstler-biografien.de\/wp-content\/uploads\/2025\/12\/bretecher_18_19-1024x722.gif\" alt=\"\" class=\"wp-image-2161\" style=\"width:760px\" srcset=\"https:\/\/kuenstler-biografien.de\/wp-content\/uploads\/2025\/12\/bretecher_18_19-1024x722.gif 1024w, https:\/\/kuenstler-biografien.de\/wp-content\/uploads\/2025\/12\/bretecher_18_19-300x211.gif 300w, https:\/\/kuenstler-biografien.de\/wp-content\/uploads\/2025\/12\/bretecher_18_19-768x541.gif 768w\" sizes=\"auto, (max-width: 1024px) 100vw, 1024px\" \/><figcaption class=\"wp-element-caption\">Claire Bret\u00e9cher: Seiten 16 -17<\/figcaption><\/figure>\n\n\n\n<p><\/p>\n","protected":false},"excerpt":{"rendered":"<p>Die Franz\u00f6sin Claire Bret\u00e9cher (1940-2020) steht sowohl f\u00fcr Comic- als auch f\u00fcr Frauenpower. Mit ihrer Serie &#8222;Die Frustrierten&#8220; karikierte sie die Nach-68er, von denen sich viele gegen Ideale und f\u00fcr die Karriere entschieden hatten. Daf\u00fcr bezeichnete Roland Barthes Bret\u00e9cher 1976 als &#8222;Soziologin des Jahres&#8220;. Passend w\u00e4re auch &#8222;Gesch\u00e4ftsfrau des Jahres&#8220; gewesen, denn auch als Selbstverlegerin [&hellip;]<\/p>\n","protected":false},"author":1,"featured_media":0,"parent":0,"menu_order":0,"comment_status":"closed","ping_status":"closed","template":"","meta":{"footnotes":""},"class_list":["post-2158","page","type-page","status-publish","hentry"],"aioseo_notices":[],"_links":{"self":[{"href":"https:\/\/kuenstler-biografien.de\/index\/wp-json\/wp\/v2\/pages\/2158","targetHints":{"allow":["GET"]}}],"collection":[{"href":"https:\/\/kuenstler-biografien.de\/index\/wp-json\/wp\/v2\/pages"}],"about":[{"href":"https:\/\/kuenstler-biografien.de\/index\/wp-json\/wp\/v2\/types\/page"}],"author":[{"embeddable":true,"href":"https:\/\/kuenstler-biografien.de\/index\/wp-json\/wp\/v2\/users\/1"}],"replies":[{"embeddable":true,"href":"https:\/\/kuenstler-biografien.de\/index\/wp-json\/wp\/v2\/comments?post=2158"}],"version-history":[{"count":4,"href":"https:\/\/kuenstler-biografien.de\/index\/wp-json\/wp\/v2\/pages\/2158\/revisions"}],"predecessor-version":[{"id":2166,"href":"https:\/\/kuenstler-biografien.de\/index\/wp-json\/wp\/v2\/pages\/2158\/revisions\/2166"}],"wp:attachment":[{"href":"https:\/\/kuenstler-biografien.de\/index\/wp-json\/wp\/v2\/media?parent=2158"}],"curies":[{"name":"wp","href":"https:\/\/api.w.org\/{rel}","templated":true}]}}