{"id":30,"date":"2016-01-21T10:43:06","date_gmt":"2016-01-21T10:43:06","guid":{"rendered":"http:\/\/edition-willi-bloess.kuenstler-biografien.de\/?page_id=30"},"modified":"2016-09-23T08:55:42","modified_gmt":"2016-09-23T08:55:42","slug":"presse","status":"publish","type":"page","link":"https:\/\/kuenstler-biografien.de\/index\/presse","title":{"rendered":"Presse"},"content":{"rendered":"<p class=\"activado\">Presse \/Reaktionen<\/p>\n<p class=\"text\">Selten war Kunstgeschichte so unterhaltsam.<br \/>\n(stern)<\/p>\n<p class=\"text\">So lehrreich wie vergn\u00fcglich, geeignet f\u00fcr Jung und Alt.<br \/>\n(kunstzeitung)<\/p>\n<p class=\"text\">Einfallsreich und ambitioniert.<br \/>\n(FAZ)<\/p>\n<p class=\"text\">Gro\u00dfe Kunst im kleinen Format.<br \/>\n(PM History)<\/p>\n<p class=\"text\">Die Hefte sind nicht nur informativ, sondern selbst kleine<br \/>\nKunstwerke.<br \/>\n(Eckart Sackmann, Verlag Sackmann und H\u00f6rndl)<\/p>\n<p class=\"text\">Mittlerweile eine feste Gr\u00f6\u00dfe in Schulen und in der Museums-<br \/>\np\u00e4dagogik.<br \/>\n(ZEIT-Beilage: Kinder-Kultur-Magazin)<\/p>\n<p class=\"text\">Lieber Herr Bl\u00f6\u00df, der Zufall spielte mir van Goghs Rabenjagd<br \/>\nin die H\u00e4nde \u2013 sehr sch\u00f6n, Kompliment!<br \/>\n(Prof. Dr. Walter Grasskamp, Kunstkritiker, Akademie der<br \/>\nBildenden K\u00fcnste M\u00fcnchen)<\/p>\n<p class=\"text\">Eine tolle Serie, ich empfehle sie andauernd weiter.<br \/>\n(Beate Freier-Bongaertz, Kunstverein G\u00fctersloh)<\/p>\n<p class=\"text\">Kunstlehrer werden ihre helle Freude daran haben.<br \/>\n(Kerstin Pinger, Journalistin)<\/p>\n<p class=\"text\">Ich arbeite als Kunsterzieherin in einer Oberschule und<br \/>\nunterrichte die Klassen 7 bis 10. Die Comics sind eine gro\u00df-<br \/>\nartige Erg\u00e4nzung zur Besch\u00e4ftigung mit namhaften K\u00fcnstlern!<br \/>\nDie Sch\u00fcler sind durch die Comic-Form bestens motiviert und<br \/>\nfragen schon nach weiteren Erscheinungen&#8230;<br \/>\nEine etwas gr\u00f6\u00dfere und stabilere Variante mit allen K\u00fcnstlern<br \/>\nin Schulbuchform \u2013 das w\u00e4re toll!<br \/>\n(Anka Rahn, Eberswalde)<\/p>\n","protected":false},"excerpt":{"rendered":"<p>Presse \/Reaktionen Selten war Kunstgeschichte so unterhaltsam. (stern) So lehrreich wie vergn\u00fcglich, geeignet f\u00fcr Jung und Alt. (kunstzeitung) Einfallsreich und ambitioniert. (FAZ) Gro\u00dfe Kunst im kleinen Format. (PM History) Die Hefte sind nicht nur informativ, sondern selbst kleine Kunstwerke. (Eckart Sackmann, Verlag Sackmann und H\u00f6rndl) Mittlerweile eine feste Gr\u00f6\u00dfe in Schulen und in der Museums- [&hellip;]<\/p>\n","protected":false},"author":1,"featured_media":661,"parent":0,"menu_order":0,"comment_status":"closed","ping_status":"closed","template":"","meta":{"footnotes":""},"class_list":["post-30","page","type-page","status-publish","has-post-thumbnail","hentry"],"aioseo_notices":[],"_links":{"self":[{"href":"https:\/\/kuenstler-biografien.de\/index\/wp-json\/wp\/v2\/pages\/30","targetHints":{"allow":["GET"]}}],"collection":[{"href":"https:\/\/kuenstler-biografien.de\/index\/wp-json\/wp\/v2\/pages"}],"about":[{"href":"https:\/\/kuenstler-biografien.de\/index\/wp-json\/wp\/v2\/types\/page"}],"author":[{"embeddable":true,"href":"https:\/\/kuenstler-biografien.de\/index\/wp-json\/wp\/v2\/users\/1"}],"replies":[{"embeddable":true,"href":"https:\/\/kuenstler-biografien.de\/index\/wp-json\/wp\/v2\/comments?post=30"}],"version-history":[{"count":1,"href":"https:\/\/kuenstler-biografien.de\/index\/wp-json\/wp\/v2\/pages\/30\/revisions"}],"predecessor-version":[{"id":31,"href":"https:\/\/kuenstler-biografien.de\/index\/wp-json\/wp\/v2\/pages\/30\/revisions\/31"}],"wp:featuredmedia":[{"embeddable":true,"href":"https:\/\/kuenstler-biografien.de\/index\/wp-json\/wp\/v2\/media\/661"}],"wp:attachment":[{"href":"https:\/\/kuenstler-biografien.de\/index\/wp-json\/wp\/v2\/media?parent=30"}],"curies":[{"name":"wp","href":"https:\/\/api.w.org\/{rel}","templated":true}]}}