{"id":602,"date":"2016-09-18T15:51:20","date_gmt":"2016-09-18T15:51:20","guid":{"rendered":"http:\/\/edition-willi-bloess.kuenstler-biografien.de\/index\/?page_id=602"},"modified":"2025-03-24T15:07:53","modified_gmt":"2025-03-24T15:07:53","slug":"ueber-uns","status":"publish","type":"page","link":"https:\/\/kuenstler-biografien.de\/index\/ueber-uns","title":{"rendered":"\u00dcber uns"},"content":{"rendered":"<p><span style=\"color: #808080;\"><img loading=\"lazy\" decoding=\"async\" class=\"aligncenter wp-image-752 size-medium\" src=\"https:\/\/kuenstler-biografien.de\/wp-content\/uploads\/2016\/09\/willi-bloess-verlag-300x274.jpg\" alt=\"Willi Bloess Verlag\" width=\"300\" height=\"274\" srcset=\"https:\/\/kuenstler-biografien.de\/wp-content\/uploads\/2016\/09\/willi-bloess-verlag-300x274.jpg 300w, https:\/\/kuenstler-biografien.de\/wp-content\/uploads\/2016\/09\/willi-bloess-verlag.jpg 516w\" sizes=\"auto, (max-width: 300px) 100vw, 300px\" \/><\/span><\/p>\n<p><span style=\"color: #808080;\">Zum ersten Mal in Ber\u00fchrung mit K\u00fcnstler-Themen kam Willi Bl\u00f6ss 1998. Sein damaliger Atelierpartner, der Zeichner Bernd J\u00fcnger, hatte von einem Sammler den Auftrag erhalten, Joseph Beuys \u201eirgendwie witzig\u201d vorzustellen. Bl\u00f6ss stieg als Autor ein und entwarf das Konzept einer 24-seitigen \u201eComic-Biographie\u201d (damals noch mit \u2018ph\u2019). Das Ergebnis war \u201eJoseph Beuys &#8211; Der l\u00e4chelnde Schamane\u201d. Und Bl\u00f6ss lie\u00df die Idee nicht mehr los.<\/span><br \/>\n<span style=\"color: #808080;\">Im Jahr 2002 ver\u00f6ffentlichte er 5 Titel als kleinformatige Serie (incl. Beuys, nun in Farbe).<\/span><br \/>\n<span style=\"color: #333333;\"><strong>Konzeption:<\/strong><\/span><br \/>\n<span style=\"color: #808080;\">Leben und Werk wichtiger K\u00fcnstler. Eine Alternative zu \u201edicken W\u00e4lzern\u201d f\u00fcr alle Altersgruppen.<\/span><br \/>\n<span style=\"color: #808080;\">Autor aller Biografien ist Willi Bl\u00f6ss. 39 Titel zeichnete er auch selbst (von 46, Stand Feb. 2025).<\/span><br \/>\n<span style=\"color: #808080;\">Bei 6 Titeln arbeitete er mit Zeichnern zusammen.<\/span><br \/>\n<strong><span style=\"color: #333333;\">2012: Deutscher Biografiepreis f\u00fcr die Reihe.<\/span><\/strong><br \/>\n<span style=\"color: #808080;\">Die Serie wird mit ein bis zwei neuen Titeln j\u00e4hrlich fortgesetzt.<\/span><br \/>\n<span style=\"color: #808080;\">Alle Titel liegen in Form handlicher Hefte (Pocket-Format, DIN A-6) vor (<\/span><span style=\"color: #008000;\"><span style=\"color: #808080;\">siehe<\/span><span style=\"color: #333333;\"><strong><a style=\"color: #333333;\" href=\"https:\/\/kuenstler-biografien.de\/?page_id=66\"> Kleinformate<\/a><\/strong><\/span><span style=\"color: #808080;\">).<\/span><\/span><br \/>\n<span style=\"color: #808080;\">Neben der kleinen Version ist eine Auflage mit gro\u00dfformatigen Hardcover-B\u00fcchern im Entstehen (bereits vorliegende Titel siehe <span style=\"color: #ffcc00;\"><strong><a style=\"color: #ffcc00;\" href=\"https:\/\/kuenstler-biografien.de\/?page_id=63\"><span style=\"color: #333333;\">Gro\u00dfformate<\/span><\/a><\/strong><\/span>).<\/span><\/p>\n","protected":false},"excerpt":{"rendered":"<p>Zum ersten Mal in Ber\u00fchrung mit K\u00fcnstler-Themen kam Willi Bl\u00f6ss 1998. Sein damaliger Atelierpartner, der Zeichner Bernd J\u00fcnger, hatte von einem Sammler den Auftrag erhalten, Joseph Beuys \u201eirgendwie witzig\u201d vorzustellen. Bl\u00f6ss stieg als Autor ein und entwarf das Konzept einer 24-seitigen \u201eComic-Biographie\u201d (damals noch mit \u2018ph\u2019). Das Ergebnis war \u201eJoseph Beuys &#8211; Der l\u00e4chelnde Schamane\u201d. [&hellip;]<\/p>\n","protected":false},"author":1,"featured_media":659,"parent":0,"menu_order":0,"comment_status":"closed","ping_status":"closed","template":"","meta":{"footnotes":""},"class_list":["post-602","page","type-page","status-publish","has-post-thumbnail","hentry"],"aioseo_notices":[],"_links":{"self":[{"href":"https:\/\/kuenstler-biografien.de\/index\/wp-json\/wp\/v2\/pages\/602","targetHints":{"allow":["GET"]}}],"collection":[{"href":"https:\/\/kuenstler-biografien.de\/index\/wp-json\/wp\/v2\/pages"}],"about":[{"href":"https:\/\/kuenstler-biografien.de\/index\/wp-json\/wp\/v2\/types\/page"}],"author":[{"embeddable":true,"href":"https:\/\/kuenstler-biografien.de\/index\/wp-json\/wp\/v2\/users\/1"}],"replies":[{"embeddable":true,"href":"https:\/\/kuenstler-biografien.de\/index\/wp-json\/wp\/v2\/comments?post=602"}],"version-history":[{"count":19,"href":"https:\/\/kuenstler-biografien.de\/index\/wp-json\/wp\/v2\/pages\/602\/revisions"}],"predecessor-version":[{"id":2101,"href":"https:\/\/kuenstler-biografien.de\/index\/wp-json\/wp\/v2\/pages\/602\/revisions\/2101"}],"wp:featuredmedia":[{"embeddable":true,"href":"https:\/\/kuenstler-biografien.de\/index\/wp-json\/wp\/v2\/media\/659"}],"wp:attachment":[{"href":"https:\/\/kuenstler-biografien.de\/index\/wp-json\/wp\/v2\/media?parent=602"}],"curies":[{"name":"wp","href":"https:\/\/api.w.org\/{rel}","templated":true}]}}