{"id":79,"date":"2016-01-26T09:26:09","date_gmt":"2016-01-26T09:26:09","guid":{"rendered":"http:\/\/edition-willi-bloess.kuenstler-biografien.de\/?page_id=79"},"modified":"2023-05-25T08:46:45","modified_gmt":"2023-05-25T08:46:45","slug":"der-blauer-reiter","status":"publish","type":"page","link":"https:\/\/kuenstler-biografien.de\/index\/der-blauer-reiter","title":{"rendered":"14. Der Blaue Reiter"},"content":{"rendered":"<figure id=\"attachment_837\" aria-describedby=\"caption-attachment-837\" style=\"width: 221px\" class=\"wp-caption aligncenter\"><img loading=\"lazy\" decoding=\"async\" class=\"wp-image-837 size-medium\" src=\"https:\/\/kuenstler-biografien.de\/wp-content\/uploads\/2016\/01\/blr-1-221x300.png\" alt=\"blr\" width=\"221\" height=\"300\" srcset=\"https:\/\/kuenstler-biografien.de\/wp-content\/uploads\/2016\/01\/blr-1-221x300.png 221w, https:\/\/kuenstler-biografien.de\/wp-content\/uploads\/2016\/01\/blr-1.png 300w\" sizes=\"auto, (max-width: 221px) 100vw, 221px\" \/><figcaption id=\"caption-attachment-837\" class=\"wp-caption-text\"><span style=\"color: #808080;\">Der Blaue Reiter<br \/>M\u00fcnchner Gespann<\/span><\/figcaption><\/figure>\n<p style=\"text-align: justify;\"><span style=\"color: #808080;\">Der Blaue Reiter ritt nicht lange.<br \/>\nZwei Ausstellungen (1911 und 1912) und die Herausgabe eines Jahrbuches, des ber\u00fchmten Almanachs von 1912, waren das Ergebnis der grenz\u00fcberschreitenden Kunstinitiative. Die Beteiligten beschritten bereits wieder eigene Wege, als 1914 der 1. Weltkrieg ausbrach.<br \/>\nMit t\u00f6dlicher Gewalt zerst\u00f6rte der Krieg die ohnehin vagen Hoffnungen auf eine Wiederbelebung ein f\u00fcr alle Mal.<br \/>\n1957 vermachte Gabriele M\u00fcnter ihre in Murnau versteckt gehaltene Blaue Reiter-Sammlung dem M\u00fcnchner Lenbachhaus und sorgte damit f\u00fcr eine Sensation. Mit einem halben Jahrhundert Versp\u00e4tung setzte der Beifall ein.<\/span><\/p>\n<p style=\"text-align: justify;\"><span style=\"color: #ffcc00;\"><a style=\"color: #ffcc00;\" href=\"https:\/\/kuenstler-biografien.de\/kleinformate\"><span style=\"color: #808080;\">Kleinformat (10,5&#215;14,8 cm, Heft) 32 S. , farbig, 3,00 \u20ac<\/span><\/a><\/span><br \/>\n<span class=\"style=&quot;color:\" style=\"color: #808080;\"><a style=\"color: #808080;\" href=\"https:\/\/kuenstler-biografien.de\/grossformate\">Gro\u00dfformat Hardcover (17&#215;24 cm) 36 S. , farbig, 10,00\u20ac<\/a><\/span><\/p>\n<p style=\"text-align: justify;\"><span style=\"color: #808080;\">Beispielseiten<\/span><\/p>\n<figure id=\"attachment_839\" aria-describedby=\"caption-attachment-839\" style=\"width: 760px\" class=\"wp-caption alignnone\"><img loading=\"lazy\" decoding=\"async\" class=\"wp-image-839 size-full\" src=\"https:\/\/kuenstler-biografien.de\/wp-content\/uploads\/2016\/01\/blr2.3-1.png\" alt=\"blr2.3\" width=\"760\" height=\"503\" srcset=\"https:\/\/kuenstler-biografien.de\/wp-content\/uploads\/2016\/01\/blr2.3-1.png 760w, https:\/\/kuenstler-biografien.de\/wp-content\/uploads\/2016\/01\/blr2.3-1-300x199.png 300w\" sizes=\"auto, (max-width: 760px) 100vw, 760px\" \/><figcaption id=\"caption-attachment-839\" class=\"wp-caption-text\"><span style=\"color: #808080;\">Der Blaue Reiter, Seiten 2 &#8211; 3<\/span><\/figcaption><\/figure>\n<figure id=\"attachment_840\" aria-describedby=\"caption-attachment-840\" style=\"width: 760px\" class=\"wp-caption alignnone\"><img loading=\"lazy\" decoding=\"async\" class=\"wp-image-840 size-full\" src=\"https:\/\/kuenstler-biografien.de\/wp-content\/uploads\/2016\/01\/blr20.21-1.png\" alt=\"blr20.21\" width=\"760\" height=\"503\" srcset=\"https:\/\/kuenstler-biografien.de\/wp-content\/uploads\/2016\/01\/blr20.21-1.png 760w, https:\/\/kuenstler-biografien.de\/wp-content\/uploads\/2016\/01\/blr20.21-1-300x199.png 300w\" sizes=\"auto, (max-width: 760px) 100vw, 760px\" \/><figcaption id=\"caption-attachment-840\" class=\"wp-caption-text\"><span style=\"color: #808080;\">Der Blaue Reiter, Seiten 20 -21<\/span><\/figcaption><\/figure>\n","protected":false},"excerpt":{"rendered":"<p>Der Blaue Reiter ritt nicht lange. Zwei Ausstellungen (1911 und 1912) und die Herausgabe eines Jahrbuches, des ber\u00fchmten Almanachs von 1912, waren das Ergebnis der grenz\u00fcberschreitenden Kunstinitiative. Die Beteiligten beschritten bereits wieder eigene Wege, als 1914 der 1. Weltkrieg ausbrach. Mit t\u00f6dlicher Gewalt zerst\u00f6rte der Krieg die ohnehin vagen Hoffnungen auf eine Wiederbelebung ein f\u00fcr [&hellip;]<\/p>\n","protected":false},"author":1,"featured_media":0,"parent":0,"menu_order":0,"comment_status":"closed","ping_status":"closed","template":"","meta":{"footnotes":""},"class_list":["post-79","page","type-page","status-publish","hentry"],"aioseo_notices":[],"_links":{"self":[{"href":"https:\/\/kuenstler-biografien.de\/index\/wp-json\/wp\/v2\/pages\/79","targetHints":{"allow":["GET"]}}],"collection":[{"href":"https:\/\/kuenstler-biografien.de\/index\/wp-json\/wp\/v2\/pages"}],"about":[{"href":"https:\/\/kuenstler-biografien.de\/index\/wp-json\/wp\/v2\/types\/page"}],"author":[{"embeddable":true,"href":"https:\/\/kuenstler-biografien.de\/index\/wp-json\/wp\/v2\/users\/1"}],"replies":[{"embeddable":true,"href":"https:\/\/kuenstler-biografien.de\/index\/wp-json\/wp\/v2\/comments?post=79"}],"version-history":[{"count":21,"href":"https:\/\/kuenstler-biografien.de\/index\/wp-json\/wp\/v2\/pages\/79\/revisions"}],"predecessor-version":[{"id":1794,"href":"https:\/\/kuenstler-biografien.de\/index\/wp-json\/wp\/v2\/pages\/79\/revisions\/1794"}],"wp:attachment":[{"href":"https:\/\/kuenstler-biografien.de\/index\/wp-json\/wp\/v2\/media?parent=79"}],"curies":[{"name":"wp","href":"https:\/\/api.w.org\/{rel}","templated":true}]}}