{"id":97,"date":"2016-01-26T09:41:27","date_gmt":"2016-01-26T09:41:27","guid":{"rendered":"http:\/\/edition-willi-bloess.kuenstler-biografien.de\/?page_id=97"},"modified":"2023-05-25T08:44:15","modified_gmt":"2023-05-25T08:44:15","slug":"pablo-picasso","status":"publish","type":"page","link":"https:\/\/kuenstler-biografien.de\/index\/pablo-picasso","title":{"rendered":"1. Pablo Picasso"},"content":{"rendered":"<figure id=\"attachment_794\" aria-describedby=\"caption-attachment-794\" style=\"width: 229px\" class=\"wp-caption aligncenter\"><img loading=\"lazy\" decoding=\"async\" class=\"wp-image-794 size-full\" src=\"https:\/\/kuenstler-biografien.de\/wp-content\/uploads\/2016\/01\/picasso.png\" alt=\"Pablo Picasso\" width=\"229\" height=\"305\" srcset=\"https:\/\/kuenstler-biografien.de\/wp-content\/uploads\/2016\/01\/picasso.png 229w, https:\/\/kuenstler-biografien.de\/wp-content\/uploads\/2016\/01\/picasso-225x300.png 225w\" sizes=\"auto, (max-width: 229px) 100vw, 229px\" \/><figcaption id=\"caption-attachment-794\" class=\"wp-caption-text\"><span style=\"color: #808080;\">Pablo Picasso<br \/>Ich, der K\u00f6nig<\/span><\/figcaption><\/figure>\n<p style=\"text-align: justify;\"><span style=\"color: #808080;\">Als Gallionsfigur von Expressionismus, Kubismus und Surrealismus ist Picasso der herausragende K\u00fcnstler <\/span><span style=\"color: #808080;\">in der ersten H\u00e4lfte des 20. Jahrhunderts. Neben den unz\u00e4hligen Publika-tionen zu seiner Person bietet <\/span><span style=\"color: #808080;\">dieser Kurzf\u00fchrer einen wichtigen \u00dcberblick \u00fcber die beruflichen und privaten Stationen des umstrittenen <\/span><span style=\"color: #808080;\">Genies. Unter Verwendung kubistischer Stilmittel gelingt dem Zeichner Thomas Thiesen eine eigenst\u00e4ndige<\/span><br \/>\n<span style=\"color: #808080;\"> k\u00fcnstlerische Umsetzung.<\/span><\/p>\n<p style=\"text-align: justify;\"><span class=\"activnavi\" style=\"color: #ffcc00;\"><a style=\"color: #ffcc00;\" href=\"https:\/\/kuenstler-biografien.de\/kleinformate\"><span style=\"color: #0000ff;\"><span style=\"color: #808080;\">K<\/span><\/span><\/a><\/span><span style=\"color: #808080;\"><span class=\"activnavi\"><a style=\"color: #808080;\" href=\"https:\/\/kuenstler-biografien.de\/kleinformate\">leinformat<\/a><\/span><span class=\"activnavi\"><a style=\"color: #808080;\" href=\"https:\/\/kuenstler-biografien.de\/kleinformate\"> (10,5&#215;14,8 cm, Heft) 36 S., farbig, 3,00\u20ac<\/a><\/span><\/span><br \/>\n<span class=\"activnavi\" style=\"color: #808080;\"> <a style=\"color: #808080;\" href=\"https:\/\/kuenstler-biografien.de\/grossformate\">Gro\u00dfformat Hardcover (17&#215;24 cm) 36 S., farbig, 10,00\u20ac<\/a><\/span><\/p>\n<p style=\"text-align: justify;\"><span style=\"color: #808080;\">Beispielseiten:<\/span><\/p>\n<figure id=\"attachment_795\" aria-describedby=\"caption-attachment-795\" style=\"width: 760px\" class=\"wp-caption alignnone\"><img loading=\"lazy\" decoding=\"async\" class=\"wp-image-795 size-full\" src=\"https:\/\/kuenstler-biografien.de\/wp-content\/uploads\/2016\/01\/pic_7_8.png\" alt=\"picasso_8_8\" width=\"760\" height=\"503\" srcset=\"https:\/\/kuenstler-biografien.de\/wp-content\/uploads\/2016\/01\/pic_7_8.png 760w, https:\/\/kuenstler-biografien.de\/wp-content\/uploads\/2016\/01\/pic_7_8-300x199.png 300w\" sizes=\"auto, (max-width: 760px) 100vw, 760px\" \/><figcaption id=\"caption-attachment-795\" class=\"wp-caption-text\"><span style=\"color: #808080;\">Pablo Picasso, Seiten 8 -9<\/span><\/figcaption><\/figure>\n<figure id=\"attachment_796\" aria-describedby=\"caption-attachment-796\" style=\"width: 760px\" class=\"wp-caption alignnone\"><img loading=\"lazy\" decoding=\"async\" class=\"wp-image-796 size-full\" src=\"https:\/\/kuenstler-biografien.de\/wp-content\/uploads\/2016\/01\/pic_20_21.png\" alt=\"picasso_20_21\" width=\"760\" height=\"503\" srcset=\"https:\/\/kuenstler-biografien.de\/wp-content\/uploads\/2016\/01\/pic_20_21.png 760w, https:\/\/kuenstler-biografien.de\/wp-content\/uploads\/2016\/01\/pic_20_21-300x199.png 300w\" sizes=\"auto, (max-width: 760px) 100vw, 760px\" \/><figcaption id=\"caption-attachment-796\" class=\"wp-caption-text\"><span style=\"color: #808080;\">Pablo Picasso, Seiten 20 -21<\/span><\/figcaption><\/figure>\n","protected":false},"excerpt":{"rendered":"<p>Als Gallionsfigur von Expressionismus, Kubismus und Surrealismus ist Picasso der herausragende K\u00fcnstler in der ersten H\u00e4lfte des 20. Jahrhunderts. Neben den unz\u00e4hligen Publika-tionen zu seiner Person bietet dieser Kurzf\u00fchrer einen wichtigen \u00dcberblick \u00fcber die beruflichen und privaten Stationen des umstrittenen Genies. Unter Verwendung kubistischer Stilmittel gelingt dem Zeichner Thomas Thiesen eine eigenst\u00e4ndige k\u00fcnstlerische Umsetzung. Kleinformat [&hellip;]<\/p>\n","protected":false},"author":1,"featured_media":0,"parent":0,"menu_order":0,"comment_status":"closed","ping_status":"closed","template":"","meta":{"footnotes":""},"class_list":["post-97","page","type-page","status-publish","hentry"],"aioseo_notices":[],"_links":{"self":[{"href":"https:\/\/kuenstler-biografien.de\/index\/wp-json\/wp\/v2\/pages\/97","targetHints":{"allow":["GET"]}}],"collection":[{"href":"https:\/\/kuenstler-biografien.de\/index\/wp-json\/wp\/v2\/pages"}],"about":[{"href":"https:\/\/kuenstler-biografien.de\/index\/wp-json\/wp\/v2\/types\/page"}],"author":[{"embeddable":true,"href":"https:\/\/kuenstler-biografien.de\/index\/wp-json\/wp\/v2\/users\/1"}],"replies":[{"embeddable":true,"href":"https:\/\/kuenstler-biografien.de\/index\/wp-json\/wp\/v2\/comments?post=97"}],"version-history":[{"count":16,"href":"https:\/\/kuenstler-biografien.de\/index\/wp-json\/wp\/v2\/pages\/97\/revisions"}],"predecessor-version":[{"id":1790,"href":"https:\/\/kuenstler-biografien.de\/index\/wp-json\/wp\/v2\/pages\/97\/revisions\/1790"}],"wp:attachment":[{"href":"https:\/\/kuenstler-biografien.de\/index\/wp-json\/wp\/v2\/media?parent=97"}],"curies":[{"name":"wp","href":"https:\/\/api.w.org\/{rel}","templated":true}]}}